{"id":7443,"date":"2024-06-06T13:46:46","date_gmt":"2024-06-06T11:46:46","guid":{"rendered":"https:\/\/www.fleurdesel-traiteur.fr\/?page_id=7443"},"modified":"2024-06-06T15:54:50","modified_gmt":"2024-06-06T13:54:50","slug":"traiteur-provence-information","status":"publish","type":"page","link":"https:\/\/www.fleurdesel-traiteur.fr\/en\/traiteur-provence-information\/","title":{"rendered":"Max \/ Mateo \/ JR"},"content":{"rendered":"<div data-elementor-type=\"wp-page\" data-elementor-id=\"7443\" class=\"elementor elementor-7443\" data-elementor-post-type=\"page\">\n\t\t\t\t\t\t<section class=\"elementor-section elementor-top-section elementor-element elementor-element-cc4b730 elementor-section-boxed elementor-section-height-default elementor-section-height-default\" data-id=\"cc4b730\" data-element_type=\"section\">\n\t\t\t\t\t\t<div class=\"elementor-container elementor-column-gap-default\">\n\t\t\t\t\t<div class=\"elementor-column elementor-col-100 elementor-top-column elementor-element elementor-element-cbf058f\" data-id=\"cbf058f\" data-element_type=\"column\">\n\t\t\t<div class=\"elementor-widget-wrap elementor-element-populated\">\n\t\t\t\t\t\t<div class=\"elementor-element elementor-element-72f06d0 elementor-absolute elementor-widget elementor-widget-heading\" data-id=\"72f06d0\" data-element_type=\"widget\" data-settings=\"{&quot;_position&quot;:&quot;absolute&quot;}\" data-widget_type=\"heading.default\">\n\t\t\t\t\t<h2 class=\"elementor-heading-title elementor-size-default\">GET MARRIED IN PROVENCE<\/h2>\t\t\t\t<\/div>\n\t\t\t\t<div class=\"elementor-element elementor-element-c4a71d8 elementor-widget elementor-widget-image\" data-id=\"c4a71d8\" data-element_type=\"widget\" data-widget_type=\"image.default\">\n\t\t\t\t\t\t\t\t\t\t\t\t\t\t\t<img fetchpriority=\"high\" decoding=\"async\" width=\"800\" height=\"405\" src=\"https:\/\/www.fleurdesel-traiteur.fr\/wp-content\/uploads\/2021\/05\/Capture-de\u0301cran-2021-07-13-a\u0300-09.59.59-1024x518.png\" class=\"attachment-large size-large wp-image-5340\" alt=\"\" srcset=\"https:\/\/www.fleurdesel-traiteur.fr\/wp-content\/uploads\/2021\/05\/Capture-de\u0301cran-2021-07-13-a\u0300-09.59.59-1024x518.png 1024w, https:\/\/www.fleurdesel-traiteur.fr\/wp-content\/uploads\/2021\/05\/Capture-de\u0301cran-2021-07-13-a\u0300-09.59.59-300x152.png 300w, https:\/\/www.fleurdesel-traiteur.fr\/wp-content\/uploads\/2021\/05\/Capture-de\u0301cran-2021-07-13-a\u0300-09.59.59-768x388.png 768w, https:\/\/www.fleurdesel-traiteur.fr\/wp-content\/uploads\/2021\/05\/Capture-de\u0301cran-2021-07-13-a\u0300-09.59.59-1536x777.png 1536w, https:\/\/www.fleurdesel-traiteur.fr\/wp-content\/uploads\/2021\/05\/Capture-de\u0301cran-2021-07-13-a\u0300-09.59.59-2048x1036.png 2048w\" sizes=\"(max-width: 800px) 100vw, 800px\" \/>\t\t\t\t\t\t\t\t\t\t\t\t\t\t\t<\/div>\n\t\t\t\t\t<\/div>\n\t\t<\/div>\n\t\t\t\t\t<\/div>\n\t\t<\/section>\n\t\t\t\t<section class=\"elementor-section elementor-top-section elementor-element elementor-element-ad7e708 elementor-section-boxed elementor-section-height-default elementor-section-height-default\" data-id=\"ad7e708\" data-element_type=\"section\">\n\t\t\t\t\t\t<div class=\"elementor-container elementor-column-gap-default\">\n\t\t\t\t\t<div class=\"elementor-column elementor-col-50 elementor-top-column elementor-element elementor-element-a4a572b\" data-id=\"a4a572b\" data-element_type=\"column\">\n\t\t\t<div class=\"elementor-widget-wrap elementor-element-populated\">\n\t\t\t\t\t\t<div class=\"elementor-element elementor-element-2379aa3 elementor-widget elementor-widget-image\" data-id=\"2379aa3\" data-element_type=\"widget\" data-widget_type=\"image.default\">\n\t\t\t\t\t\t\t\t\t\t\t\t\t\t\t<img decoding=\"async\" width=\"420\" height=\"612\" src=\"https:\/\/www.fleurdesel-traiteur.fr\/wp-content\/uploads\/2024\/06\/istockphoto-1178297245-612x612-1.jpg\" class=\"attachment-large size-large wp-image-7474\" alt=\"\" srcset=\"https:\/\/www.fleurdesel-traiteur.fr\/wp-content\/uploads\/2024\/06\/istockphoto-1178297245-612x612-1.jpg 420w, https:\/\/www.fleurdesel-traiteur.fr\/wp-content\/uploads\/2024\/06\/istockphoto-1178297245-612x612-1-206x300.jpg 206w, https:\/\/www.fleurdesel-traiteur.fr\/wp-content\/uploads\/2024\/06\/istockphoto-1178297245-612x612-1-8x12.jpg 8w\" sizes=\"(max-width: 420px) 100vw, 420px\" \/>\t\t\t\t\t\t\t\t\t\t\t\t\t\t\t<\/div>\n\t\t\t\t\t<\/div>\n\t\t<\/div>\n\t\t\t\t<div class=\"elementor-column elementor-col-50 elementor-top-column elementor-element elementor-element-cf63fdc\" data-id=\"cf63fdc\" data-element_type=\"column\">\n\t\t\t<div class=\"elementor-widget-wrap elementor-element-populated\">\n\t\t\t\t\t\t<div class=\"elementor-element elementor-element-34de7fd elementor-widget elementor-widget-heading\" data-id=\"34de7fd\" data-element_type=\"widget\" data-widget_type=\"heading.default\">\n\t\t\t\t\t<h2 class=\"elementor-heading-title elementor-size-default\">Provence awaits you<\/h2>\t\t\t\t<\/div>\n\t\t\t\t<div class=\"elementor-element elementor-element-97857a9 elementor-widget elementor-widget-text-editor\" data-id=\"97857a9\" data-element_type=\"widget\" data-widget_type=\"text-editor.default\">\n\t\t\t\t\t\t\t\t\t<p>Fleur de Sel R\u00e9ception welcomes you to celebrate the most beautiful moment of your life in the most seductive region of France.<\/p><ul><li>Marseille-Provence: The region's main airport, with direct flights from many European and international cities.<\/li><li>Nice C\u00f4te d'Azur: Another airport.<\/li><li>Avignon TGV station: Served by direct lines from Paris, Lyon and other major French cities.<\/li><li>Marseille Saint-Charles TGV station: Connected to Paris, Lyon, Nice and beyond.<\/li><\/ul><ul><li>Hotels and B&amp;Bs : Provence offers a wide range of accommodation, from luxury hotels to charming B&amp;Bs.<\/li><li>Estates and ch\u00e2teaux: A large number of wine estates and ch\u00e2teaux are available for weddings, offering both accommodation and a reception venue.<\/li><\/ul><p>Provence, with its idyllic landscapes, is an ideal destination for a wedding, offering both accessibility and charm.<\/p>\t\t\t\t\t\t\t\t<\/div>\n\t\t\t\t\t<\/div>\n\t\t<\/div>\n\t\t\t\t\t<\/div>\n\t\t<\/section>\n\t\t\t\t<section class=\"elementor-section elementor-top-section elementor-element elementor-element-0a467fb elementor-section-boxed elementor-section-height-default elementor-section-height-default\" data-id=\"0a467fb\" data-element_type=\"section\">\n\t\t\t\t\t\t<div class=\"elementor-container elementor-column-gap-default\">\n\t\t\t\t\t<div class=\"elementor-column elementor-col-100 elementor-top-column elementor-element elementor-element-9e3d36d\" data-id=\"9e3d36d\" data-element_type=\"column\">\n\t\t\t<div class=\"elementor-widget-wrap elementor-element-populated\">\n\t\t\t\t\t\t<div class=\"elementor-element elementor-element-210699b elementor-widget elementor-widget-image\" data-id=\"210699b\" data-element_type=\"widget\" data-widget_type=\"image.default\">\n\t\t\t\t\t\t\t\t\t\t\t\t\t\t\t<img decoding=\"async\" width=\"800\" height=\"327\" src=\"https:\/\/www.fleurdesel-traiteur.fr\/wp-content\/uploads\/2024\/06\/Bonnieux-Verneuil-1024x419.webp\" class=\"attachment-large size-large wp-image-7564\" alt=\"\" srcset=\"https:\/\/www.fleurdesel-traiteur.fr\/wp-content\/uploads\/2024\/06\/Bonnieux-Verneuil-1024x419.webp 1024w, https:\/\/www.fleurdesel-traiteur.fr\/wp-content\/uploads\/2024\/06\/Bonnieux-Verneuil-300x123.webp 300w, https:\/\/www.fleurdesel-traiteur.fr\/wp-content\/uploads\/2024\/06\/Bonnieux-Verneuil-768x314.webp 768w, https:\/\/www.fleurdesel-traiteur.fr\/wp-content\/uploads\/2024\/06\/Bonnieux-Verneuil-1536x628.webp 1536w, https:\/\/www.fleurdesel-traiteur.fr\/wp-content\/uploads\/2024\/06\/Bonnieux-Verneuil-18x7.webp 18w, https:\/\/www.fleurdesel-traiteur.fr\/wp-content\/uploads\/2024\/06\/Bonnieux-Verneuil.webp 1613w\" sizes=\"(max-width: 800px) 100vw, 800px\" \/>\t\t\t\t\t\t\t\t\t\t\t\t\t\t\t<\/div>\n\t\t\t\t\t<\/div>\n\t\t<\/div>\n\t\t\t\t\t<\/div>\n\t\t<\/section>\n\t\t\t\t<section class=\"elementor-section elementor-top-section elementor-element elementor-element-3201742 elementor-section-boxed elementor-section-height-default elementor-section-height-default\" data-id=\"3201742\" data-element_type=\"section\">\n\t\t\t\t\t\t<div class=\"elementor-container elementor-column-gap-default\">\n\t\t\t\t\t<div class=\"elementor-column elementor-col-100 elementor-top-column elementor-element elementor-element-cb7aef8\" data-id=\"cb7aef8\" data-element_type=\"column\">\n\t\t\t<div class=\"elementor-widget-wrap elementor-element-populated\">\n\t\t\t\t\t\t<div class=\"elementor-element elementor-element-c5c747e elementor--h-position-center elementor--v-position-middle elementor-arrows-position-inside elementor-pagination-position-inside elementor-widget elementor-widget-slides\" data-id=\"c5c747e\" data-element_type=\"widget\" data-settings=\"{&quot;navigation&quot;:&quot;both&quot;,&quot;autoplay&quot;:&quot;yes&quot;,&quot;pause_on_hover&quot;:&quot;yes&quot;,&quot;pause_on_interaction&quot;:&quot;yes&quot;,&quot;autoplay_speed&quot;:5000,&quot;infinite&quot;:&quot;yes&quot;,&quot;transition&quot;:&quot;slide&quot;,&quot;transition_speed&quot;:500}\" data-widget_type=\"slides.default\">\n\t\t\t\t\t\t\t\t\t\t<div class=\"elementor-slides-wrapper elementor-main-swiper swiper\" role=\"region\" aria-roledescription=\"carousel\" aria-label=\"Slides\" dir=\"ltr\" data-animation=\"fadeInUp\">\n\t\t\t\t<div class=\"swiper-wrapper elementor-slides\">\n\t\t\t\t\t\t\t\t\t\t<div class=\"elementor-repeater-item-7bf2368 swiper-slide\" role=\"group\" aria-roledescription=\"slide\"><div class=\"swiper-slide-bg elementor-ken-burns elementor-ken-burns--in\" role=\"img\" aria-label=\"WhatsApp Image 2024-06-06 at 12.23.41 (1)\"><\/div><div class=\"elementor-background-overlay\"><\/div><div class=\"swiper-slide-inner\" ><div class=\"swiper-slide-contents\"><div class=\"elementor-slide-heading\">Marseille<\/div><div class=\"elementor-slide-description\">Marseille, France's second-largest city, is a cultural melting pot with a rich maritime history. The Vieux-Port, dominated by the Notre-Dame de la Garde basilica, is the beating heart of the city. The Panier district, with its narrow streets and colourful buildings, offers a glimpse of the city's historic past.<\/div><a href=\"https:\/\/www.marseille-tourisme.com\/\" class=\"elementor-button elementor-slide-button elementor-size-sm\" rel=\"nofollow noopener\" target=\"_blank\">Click here<\/a><\/div><\/div><\/div><div class=\"elementor-repeater-item-66daefb swiper-slide\" role=\"group\" aria-roledescription=\"slide\"><div class=\"swiper-slide-bg elementor-ken-burns elementor-ken-burns--in\" role=\"img\" aria-label=\"WhatsApp Image 2024-06-06 at 12.23.43\"><\/div><div class=\"elementor-background-overlay\"><\/div><div class=\"swiper-slide-inner\" ><div class=\"swiper-slide-contents\"><div class=\"elementor-slide-heading\">Cassis<\/div><div class=\"elementor-slide-description\">Cassis, a charming coastal village, is renowned for its calanques, spectacular coves lined with white limestone cliffs. The area is ideal for hiking and boat trips. The port of Cassis is surrounded by caf\u00e9s and restaurants where visitors can enjoy fresh seafood while admiring the view of the Mediterranean.<\/div><a href=\"https:\/\/www.ot-cassis.com\/\" class=\"elementor-button elementor-slide-button elementor-size-sm\" rel=\"nofollow noopener\" target=\"_blank\">Click here<\/a><\/div><\/div><\/div><div class=\"elementor-repeater-item-01c9623 swiper-slide\" role=\"group\" aria-roledescription=\"slide\"><div class=\"swiper-slide-bg elementor-ken-burns elementor-ken-burns--in\" role=\"img\" aria-label=\"842fea7e-7830-4a1a-ab5b-641f63defb64\"><\/div><div class=\"elementor-background-overlay\"><\/div><div class=\"swiper-slide-inner\" ><div class=\"swiper-slide-contents\"><div class=\"elementor-slide-heading\">Domaine Minuty<\/div><div class=\"elementor-slide-description\">Domaine Minuty, located in the Provence region, is renowned for its quality wines, particularly its ros\u00e9s. Founded in 1936, this family-run estate has managed to preserve its heritage while incorporating modern winemaking techniques. The vineyards benefit from an exceptional terroir and a Mediterranean climate that is ideal for growing vines. <\/div><a href=\"https:\/\/minuty.com\/?gad_source=1&#038;gclid=CjwKCAjwvIWzBhAlEiwAHHWgvSY7ZdmwHXiqJQUL0VzWGPtgV5mutWhOTn3uVI-jIqegUTLXnrHSORoCf4EQAvD_BwE\" class=\"elementor-button elementor-slide-button elementor-size-sm\" rel=\"nofollow noopener\" target=\"_blank\">Click here<\/a><\/div><\/div><\/div><div class=\"elementor-repeater-item-8d582b0 swiper-slide\" role=\"group\" aria-roledescription=\"slide\"><div class=\"swiper-slide-bg elementor-ken-burns elementor-ken-burns--in\" role=\"img\" aria-label=\"805a0d47-96d0-49c3-a49b-5a209fa0d4d4\"><\/div><div class=\"elementor-background-overlay\"><\/div><div class=\"swiper-slide-inner\" ><div class=\"swiper-slide-contents\"><div class=\"elementor-slide-heading\">Lavender field<\/div><div class=\"elementor-slide-description\">In the hills of Provence, lavender fields burst into waves of purple under the Mediterranean sun. Their intoxicating scents captivate the senses, while bees bustle eagerly among the flowers. These fields are living tableaux, offering a vision of tranquillity and beauty that captivates the heart of everyone who contemplates them.<\/div><a href=\"https:\/\/fr.wikipedia.org\/wiki\/Lavande\" class=\"elementor-button elementor-slide-button elementor-size-sm\" rel=\"nofollow noopener\" target=\"_blank\">Click here<\/a><\/div><\/div><\/div><div class=\"elementor-repeater-item-7713294 swiper-slide\" role=\"group\" aria-roledescription=\"slide\"><div class=\"swiper-slide-bg elementor-ken-burns elementor-ken-burns--in\" role=\"img\" aria-label=\"WhatsApp Image 2024-06-06 at 12.23.42\"><\/div><div class=\"elementor-background-overlay\"><\/div><div class=\"swiper-slide-inner\" ><div class=\"swiper-slide-contents\"><div class=\"elementor-slide-heading\">Aix-en-Provence<\/div><div class=\"elementor-slide-description\">Aix-en-Provence is famous for its tree-lined streets, charming squares and elegant fountains. Founded by the Romans in 123 BC, this historic city is packed with architectural treasures, including the majestic Cath\u00e9drale Saint-Sauveur and the 17th-century H\u00f4tel de Ville. Local markets and open-air caf\u00e9s offer an authentic experience of Proven\u00e7al life.<\/div><a href=\"https:\/\/www.aixenprovencetourism.com\/\" class=\"elementor-button elementor-slide-button elementor-size-sm\" rel=\"nofollow noopener\" target=\"_blank\">Click here<\/a><\/div><\/div><\/div>\t\t\t\t<\/div>\n\t\t\t\t\t\t\t\t\t\t\t\t\t\t\t<div class=\"elementor-swiper-button elementor-swiper-button-prev\" role=\"button\" tabindex=\"0\" aria-label=\"Diapositive pr\u00e9c\u00e9dente\">\n\t\t\t\t\t\t\t<i aria-hidden=\"true\" class=\"eicon-chevron-left\"><\/i>\t\t\t\t\t\t<\/div>\n\t\t\t\t\t\t<div class=\"elementor-swiper-button elementor-swiper-button-next\" role=\"button\" tabindex=\"0\" aria-label=\"Diapositive suivante\">\n\t\t\t\t\t\t\t<i aria-hidden=\"true\" class=\"eicon-chevron-right\"><\/i>\t\t\t\t\t\t<\/div>\n\t\t\t\t\t\t\t\t\t\t\t\t\t\t\t\t<div class=\"swiper-pagination\"><\/div>\n\t\t\t\t\t\t\t\t\t\t\t\t<\/div>\n\t\t\t\t\t\t\t\t<\/div>\n\t\t\t\t\t<\/div>\n\t\t<\/div>\n\t\t\t\t\t<\/div>\n\t\t<\/section>\n\t\t\t\t<section class=\"elementor-section elementor-top-section elementor-element elementor-element-f9e2ab4 elementor-section-boxed elementor-section-height-default elementor-section-height-default\" data-id=\"f9e2ab4\" data-element_type=\"section\">\n\t\t\t\t\t\t<div class=\"elementor-container elementor-column-gap-default\">\n\t\t\t\t\t<div class=\"elementor-column elementor-col-100 elementor-top-column elementor-element elementor-element-f334299\" data-id=\"f334299\" data-element_type=\"column\">\n\t\t\t<div class=\"elementor-widget-wrap elementor-element-populated\">\n\t\t\t\t\t\t<div class=\"elementor-element elementor-element-63f9b1d elementor-widget elementor-widget-text-editor\" data-id=\"63f9b1d\" data-element_type=\"widget\" data-widget_type=\"text-editor.default\">\n\t\t\t\t\t\t\t\t\t<hr \/><p>\u00a0<\/p>\t\t\t\t\t\t\t\t<\/div>\n\t\t\t\t\t<\/div>\n\t\t<\/div>\n\t\t\t\t\t<\/div>\n\t\t<\/section>\n\t\t\t\t<section class=\"elementor-section elementor-top-section elementor-element elementor-element-9a48395 elementor-section-boxed elementor-section-height-default elementor-section-height-default\" data-id=\"9a48395\" data-element_type=\"section\">\n\t\t\t\t\t\t<div class=\"elementor-container elementor-column-gap-default\">\n\t\t\t\t\t<div class=\"elementor-column elementor-col-100 elementor-top-column elementor-element elementor-element-21a65b1\" data-id=\"21a65b1\" data-element_type=\"column\">\n\t\t\t<div class=\"elementor-widget-wrap elementor-element-populated\">\n\t\t\t\t\t\t<div class=\"elementor-element elementor-element-66daa73 elementor-widget elementor-widget-heading\" data-id=\"66daa73\" data-element_type=\"widget\" data-widget_type=\"heading.default\">\n\t\t\t\t\t<h2 class=\"elementor-heading-title elementor-size-default\">Need more info?<\/h2>\t\t\t\t<\/div>\n\t\t\t\t<div class=\"elementor-element elementor-element-9fc0e8f elementor-align-center elementor-widget elementor-widget-button\" data-id=\"9fc0e8f\" data-element_type=\"widget\" data-widget_type=\"button.default\">\n\t\t\t\t\t\t\t\t\t\t<a class=\"elementor-button elementor-button-link elementor-size-sm\" href=\"https:\/\/www.fleurdesel-traiteur.fr\/en\/contact-fleur-de-sel\/\">\n\t\t\t\t\t\t<span class=\"elementor-button-content-wrapper\">\n\t\t\t\t\t\t\t\t\t<span class=\"elementor-button-text\">Get in touch with us!<\/span>\n\t\t\t\t\t<\/span>\n\t\t\t\t\t<\/a>\n\t\t\t\t\t\t\t\t<\/div>\n\t\t\t\t\t<\/div>\n\t\t<\/div>\n\t\t\t\t\t<\/div>\n\t\t<\/section>\n\t\t\t\t<section class=\"elementor-section elementor-top-section elementor-element elementor-element-8352d5c elementor-section-boxed elementor-section-height-default elementor-section-height-default\" data-id=\"8352d5c\" data-element_type=\"section\">\n\t\t\t\t\t\t<div class=\"elementor-container elementor-column-gap-default\">\n\t\t\t\t\t<div class=\"elementor-column elementor-col-100 elementor-top-column elementor-element elementor-element-3ce9034\" data-id=\"3ce9034\" data-element_type=\"column\">\n\t\t\t<div class=\"elementor-widget-wrap elementor-element-populated\">\n\t\t\t\t\t\t<div class=\"elementor-element elementor-element-ba96e9a elementor-widget elementor-widget-heading\" data-id=\"ba96e9a\" data-element_type=\"widget\" data-widget_type=\"heading.default\">\n\t\t\t\t\t<h2 class=\"elementor-heading-title elementor-size-default\">We look forward to welcoming you to Fleur de Sel<\/h2>\t\t\t\t<\/div>\n\t\t\t\t\t<\/div>\n\t\t<\/div>\n\t\t\t\t\t<\/div>\n\t\t<\/section>\n\t\t\t\t<section class=\"elementor-section elementor-top-section elementor-element elementor-element-9c14790 elementor-section-boxed elementor-section-height-default elementor-section-height-default\" data-id=\"9c14790\" data-element_type=\"section\">\n\t\t\t\t\t\t<div class=\"elementor-container elementor-column-gap-default\">\n\t\t\t\t\t<div class=\"elementor-column elementor-col-100 elementor-top-column elementor-element elementor-element-1db48a8\" data-id=\"1db48a8\" data-element_type=\"column\">\n\t\t\t<div class=\"elementor-widget-wrap\">\n\t\t\t\t\t\t\t<\/div>\n\t\t<\/div>\n\t\t\t\t\t<\/div>\n\t\t<\/section>\n\t\t\t\t<section class=\"elementor-section elementor-top-section elementor-element elementor-element-2b5c06b elementor-section-boxed elementor-section-height-default elementor-section-height-default\" data-id=\"2b5c06b\" data-element_type=\"section\">\n\t\t\t\t\t\t<div class=\"elementor-container elementor-column-gap-default\">\n\t\t\t\t\t<div class=\"elementor-column elementor-col-100 elementor-top-column elementor-element elementor-element-1f54fef\" data-id=\"1f54fef\" data-element_type=\"column\">\n\t\t\t<div class=\"elementor-widget-wrap elementor-element-populated\">\n\t\t\t\t\t\t<div class=\"elementor-element elementor-element-12c731d elementor-absolute elementor-widget elementor-widget-heading\" data-id=\"12c731d\" data-element_type=\"widget\" data-settings=\"{&quot;_position&quot;:&quot;absolute&quot;}\" data-widget_type=\"heading.default\">\n\t\t\t\t\t<h2 class=\"elementor-heading-title elementor-size-default\">Discover Provence<\/h2>\t\t\t\t<\/div>\n\t\t\t\t\t<\/div>\n\t\t<\/div>\n\t\t\t\t\t<\/div>\n\t\t<\/section>\n\t\t\t\t<\/div>","protected":false},"excerpt":{"rendered":"<p>MARRY IN PROVENCE Provence awaits you Fleur de Sel R\u00e9ception welcomes you to celebrate the most beautiful moment of your life in France's most seductive region Marseille-Provence: The region's main airport, offering direct flights from many European and international cities. Nice C\u00f4te d'Azur: A major [...]<\/p>","protected":false},"author":10,"featured_media":0,"parent":0,"menu_order":0,"comment_status":"closed","ping_status":"closed","template":"","meta":{"inline_featured_image":false,"footnotes":""},"class_list":["post-7443","page","type-page","status-publish","hentry"],"_links":{"self":[{"href":"https:\/\/www.fleurdesel-traiteur.fr\/en\/wp-json\/wp\/v2\/pages\/7443","targetHints":{"allow":["GET"]}}],"collection":[{"href":"https:\/\/www.fleurdesel-traiteur.fr\/en\/wp-json\/wp\/v2\/pages"}],"about":[{"href":"https:\/\/www.fleurdesel-traiteur.fr\/en\/wp-json\/wp\/v2\/types\/page"}],"author":[{"embeddable":true,"href":"https:\/\/www.fleurdesel-traiteur.fr\/en\/wp-json\/wp\/v2\/users\/10"}],"replies":[{"embeddable":true,"href":"https:\/\/www.fleurdesel-traiteur.fr\/en\/wp-json\/wp\/v2\/comments?post=7443"}],"version-history":[{"count":74,"href":"https:\/\/www.fleurdesel-traiteur.fr\/en\/wp-json\/wp\/v2\/pages\/7443\/revisions"}],"predecessor-version":[{"id":7618,"href":"https:\/\/www.fleurdesel-traiteur.fr\/en\/wp-json\/wp\/v2\/pages\/7443\/revisions\/7618"}],"wp:attachment":[{"href":"https:\/\/www.fleurdesel-traiteur.fr\/en\/wp-json\/wp\/v2\/media?parent=7443"}],"curies":[{"name":"wp","href":"https:\/\/api.w.org\/{rel}","templated":true}]}}