{"id":2035,"date":"2021-05-31T17:23:40","date_gmt":"2021-05-31T15:23:40","guid":{"rendered":"https:\/\/www.fleurdesel-traiteur.fr\/?page_id=2035"},"modified":"2025-12-17T15:55:00","modified_gmt":"2025-12-17T14:55:00","slug":"le-buffet-mediterraneen","status":"publish","type":"page","link":"https:\/\/www.fleurdesel-traiteur.fr\/en\/traiteur-marseille-particuliers\/le-buffet-mediterraneen\/","title":{"rendered":"The Mediterranean Buffet"},"content":{"rendered":"<div data-elementor-type=\"wp-page\" data-elementor-id=\"2035\" class=\"elementor elementor-2035\" data-elementor-post-type=\"page\">\n\t\t\t\t\t\t<section class=\"elementor-section elementor-top-section elementor-element elementor-element-1b5b190b elementor-section-boxed elementor-section-height-default elementor-section-height-default\" data-id=\"1b5b190b\" data-element_type=\"section\" data-settings=\"{&quot;background_background&quot;:&quot;classic&quot;}\">\n\t\t\t\t\t\t\t<div class=\"elementor-background-overlay\"><\/div>\n\t\t\t\t\t\t\t<div class=\"elementor-container elementor-column-gap-default\">\n\t\t\t\t\t<div class=\"elementor-column elementor-col-100 elementor-top-column elementor-element elementor-element-216cdab5\" data-id=\"216cdab5\" data-element_type=\"column\">\n\t\t\t<div class=\"elementor-widget-wrap elementor-element-populated\">\n\t\t\t\t\t\t<div class=\"elementor-element elementor-element-105bbc82 elementor-widget elementor-widget-heading\" data-id=\"105bbc82\" data-element_type=\"widget\" data-widget_type=\"heading.default\">\n\t\t\t\t\t<h1 class=\"elementor-heading-title elementor-size-default\">THE MEDITERRANEAN BUFFET <\/h1>\t\t\t\t<\/div>\n\t\t\t\t\t<\/div>\n\t\t<\/div>\n\t\t\t\t\t<\/div>\n\t\t<\/section>\n\t\t\t\t<section class=\"elementor-section elementor-top-section elementor-element elementor-element-8a10e6c elementor-section-full_width elementor-section-content-middle elementor-section-height-default elementor-section-height-default\" data-id=\"8a10e6c\" data-element_type=\"section\" data-settings=\"{&quot;sticky&quot;:&quot;top&quot;,&quot;sticky_on&quot;:[&quot;desktop&quot;,&quot;tablet&quot;],&quot;background_background&quot;:&quot;classic&quot;,&quot;sticky_offset&quot;:137,&quot;sticky_effects_offset&quot;:0,&quot;sticky_anchor_link_offset&quot;:0}\">\n\t\t\t\t\t\t<div class=\"elementor-container elementor-column-gap-default\">\n\t\t\t\t\t<div class=\"elementor-column elementor-col-100 elementor-top-column elementor-element elementor-element-400ced0 elementor-hidden-phone\" data-id=\"400ced0\" data-element_type=\"column\">\n\t\t\t<div class=\"elementor-widget-wrap elementor-element-populated\">\n\t\t\t\t\t\t<div class=\"elementor-element elementor-element-8574de9 pp-buttons-halign-center pp-buttons-valign-middle pp-buttons-stack-none elementor-widget elementor-widget-pp-buttons\" data-id=\"8574de9\" data-element_type=\"widget\" data-widget_type=\"pp-buttons.default\">\n\t\t\t\t\t\t\t<div class=\"pp-buttons-group\">\n\t\t\t\t\t\t\t\t\t\t\t<a href=\"#buffet-froid\" class=\"pp-button elementor-button elementor-size-xs elementor-repeater-item-2528759\">\n\t\t\t\t\t<div class=\"pp-button-content-wrapper\">\n\t\t\t\t\t\t<span class=\"pp-button-content-inner pp-icon-before\">\n\t\t\t\t\t\t\t\n\t\t\t\t\t\t\t\t<span class=\"pp-button-title\">\n\t\t\t\t\t\t\t\t\tCOLD BUFFET\t\t\t\t\t\t\t\t<\/span>\n\t\t\t\t\t\t\t\t\t\t\t\t\t<\/span>\n\t\t\t\t\t<\/div>\n\t\t\t\t<\/a>\n\t\t\t\t\t\t\t\t\t\t\t\t\t\t\t\t<a href=\"#buffet-froid-chaud\" class=\"pp-button elementor-button elementor-size-xs elementor-repeater-item-7f96823\">\n\t\t\t\t\t<div class=\"pp-button-content-wrapper\">\n\t\t\t\t\t\t<span class=\"pp-button-content-inner pp-icon-before\">\n\t\t\t\t\t\t\t\n\t\t\t\t\t\t\t\t<span class=\"pp-button-title\">\n\t\t\t\t\t\t\t\t\tHOT &amp; COLD BUFFET\t\t\t\t\t\t\t\t<\/span>\n\t\t\t\t\t\t\t\t\t\t\t\t\t<\/span>\n\t\t\t\t\t<\/div>\n\t\t\t\t<\/a>\n\t\t\t\t\t\t\t\t\t\t<\/div>\t\t\t\t<\/div>\n\t\t\t\t\t<\/div>\n\t\t<\/div>\n\t\t\t\t\t<\/div>\n\t\t<\/section>\n\t\t\t\t<section class=\"elementor-section elementor-top-section elementor-element elementor-element-eb6e782 elementor-section-boxed elementor-section-height-default elementor-section-height-default\" data-id=\"eb6e782\" data-element_type=\"section\">\n\t\t\t\t\t\t<div class=\"elementor-container elementor-column-gap-default\">\n\t\t\t\t\t<div class=\"elementor-column elementor-col-100 elementor-top-column elementor-element elementor-element-0d563f8\" data-id=\"0d563f8\" data-element_type=\"column\" id=\"buffet-froid\" data-settings=\"{&quot;background_background&quot;:&quot;classic&quot;}\">\n\t\t\t<div class=\"elementor-widget-wrap elementor-element-populated\">\n\t\t\t\t\t\t<div class=\"elementor-element elementor-element-1c27624 elementor-widget elementor-widget-heading\" data-id=\"1c27624\" data-element_type=\"widget\" data-widget_type=\"heading.default\">\n\t\t\t\t\t<h2 class=\"elementor-heading-title elementor-size-default\">MEDITERRANEAN BUFFET MENU<\/h2>\t\t\t\t<\/div>\n\t\t\t\t<div class=\"elementor-element elementor-element-ac04397 elementor-widget elementor-widget-heading\" data-id=\"ac04397\" data-element_type=\"widget\" data-widget_type=\"heading.default\">\n\t\t\t\t\t<h2 class=\"elementor-heading-title elementor-size-default\"><i>~ From 30 people ~<\/i><\/h2>\t\t\t\t<\/div>\n\t\t\t\t<div class=\"elementor-element elementor-element-cf4c6bb elementor-widget-divider--view-line elementor-widget elementor-widget-divider\" data-id=\"cf4c6bb\" data-element_type=\"widget\" data-widget_type=\"divider.default\">\n\t\t\t\t\t\t\t<div class=\"elementor-divider\">\n\t\t\t<span class=\"elementor-divider-separator\">\n\t\t\t\t\t\t<\/span>\n\t\t<\/div>\n\t\t\t\t\t\t<\/div>\n\t\t\t\t<div class=\"elementor-element elementor-element-17e762e elementor-widget elementor-widget-heading\" data-id=\"17e762e\" data-element_type=\"widget\" data-widget_type=\"heading.default\">\n\t\t\t\t\t<h3 class=\"elementor-heading-title elementor-size-default\">THE COLD BUFFET<\/h3>\t\t\t\t<\/div>\n\t\t\t\t<div class=\"elementor-element elementor-element-5dc67b5 elementor-widget elementor-widget-text-editor\" data-id=\"5dc67b5\" data-element_type=\"widget\" data-widget_type=\"text-editor.default\">\n\t\t\t\t\t\t\t\t\t<p>\u00a0Small spelt and crisp vegetable salad with Yuzu dressing<\/p><p>Carrot, coriander, cranberry and roasted hazelnut salad<\/p><p>Mimosa and mesclun eggs<\/p><p>Sliced Serrano ham, salted butter<\/p><p>Sliced roast beef<\/p><p>Salmon tartar, red onion pickles, Espelette pepper<\/p><p>Homemade Pissaladi\u00e8re<\/p><p>Seasonal pie<\/p>\t\t\t\t\t\t\t\t<\/div>\n\t\t\t\t<div class=\"elementor-element elementor-element-1a7dcc2 elementor-widget elementor-widget-heading\" data-id=\"1a7dcc2\" data-element_type=\"widget\" data-widget_type=\"heading.default\">\n\t\t\t\t\t<h3 class=\"elementor-heading-title elementor-size-default\">CHEESE<\/h3>\t\t\t\t<\/div>\n\t\t\t\t<div class=\"elementor-element elementor-element-33332f3 elementor-widget elementor-widget-text-editor\" data-id=\"33332f3\" data-element_type=\"widget\" data-widget_type=\"text-editor.default\">\n\t\t\t\t\t\t\t\t\t<p>\u00a0Matured cheese platters\u00a0<\/p><p>Camembert d'Isigny, Comt\u00e9 18 months, Selle sur Cher, Rondin d'Alvignac, Fourme d'Ambert<\/p><p>Fig jam and salted butter<\/p>\t\t\t\t\t\t\t\t<\/div>\n\t\t\t\t<div class=\"elementor-element elementor-element-6249baf elementor-widget elementor-widget-heading\" data-id=\"6249baf\" data-element_type=\"widget\" data-widget_type=\"heading.default\">\n\t\t\t\t\t<h3 class=\"elementor-heading-title elementor-size-default\">THE DESSERTS<\/h3>\t\t\t\t<\/div>\n\t\t\t\t<div class=\"elementor-element elementor-element-bf4a5ed elementor-widget elementor-widget-text-editor\" data-id=\"bf4a5ed\" data-element_type=\"widget\" data-widget_type=\"text-editor.default\">\n\t\t\t\t\t\t\t\t\t<p>Seasonal fruit tart<\/p><p>Chocolate caramel and roasted almond tart<\/p>\t\t\t\t\t\t\t\t<\/div>\n\t\t\t\t<div class=\"elementor-element elementor-element-b1899ba elementor-widget elementor-widget-heading\" data-id=\"b1899ba\" data-element_type=\"widget\" data-widget_type=\"heading.default\">\n\t\t\t\t\t<h3 class=\"elementor-heading-title elementor-size-default\">INCLUDED<\/h3>\t\t\t\t<\/div>\n\t\t\t\t<div class=\"elementor-element elementor-element-f4a8f19 elementor-widget elementor-widget-text-editor\" data-id=\"f4a8f19\" data-element_type=\"widget\" data-widget_type=\"text-editor.default\">\n\t\t\t\t\t\t\t\t\t<p>Delivery of the buffet on disposable trays<br \/>Disposable cocktail napkins<\/p>\t\t\t\t\t\t\t\t<\/div>\n\t\t\t\t\t<\/div>\n\t\t<\/div>\n\t\t\t\t\t<\/div>\n\t\t<\/section>\n\t\t\t\t<section class=\"elementor-section elementor-top-section elementor-element elementor-element-66eda45 elementor-section-boxed elementor-section-height-default elementor-section-height-default\" data-id=\"66eda45\" data-element_type=\"section\">\n\t\t\t\t\t\t<div class=\"elementor-container elementor-column-gap-default\">\n\t\t\t\t\t<div class=\"elementor-column elementor-col-100 elementor-top-column elementor-element elementor-element-cef8e7f\" data-id=\"cef8e7f\" data-element_type=\"column\" id=\"buffet-froid-chaud\" data-settings=\"{&quot;background_background&quot;:&quot;classic&quot;}\">\n\t\t\t<div class=\"elementor-widget-wrap elementor-element-populated\">\n\t\t\t\t\t\t<div class=\"elementor-element elementor-element-b3cc24b elementor-widget elementor-widget-heading\" data-id=\"b3cc24b\" data-element_type=\"widget\" data-widget_type=\"heading.default\">\n\t\t\t\t\t<h3 class=\"elementor-heading-title elementor-size-default\">HOT AND COLD BUFFET<\/h3>\t\t\t\t<\/div>\n\t\t\t\t<div class=\"elementor-element elementor-element-cd31b90 elementor-widget elementor-widget-heading\" data-id=\"cd31b90\" data-element_type=\"widget\" data-widget_type=\"heading.default\">\n\t\t\t\t\t<h2 class=\"elementor-heading-title elementor-size-default\"><i>~ From 30 people ~<\/i><\/h2>\t\t\t\t<\/div>\n\t\t\t\t<div class=\"elementor-element elementor-element-32e78dc elementor-widget-divider--view-line elementor-widget elementor-widget-divider\" data-id=\"32e78dc\" data-element_type=\"widget\" data-widget_type=\"divider.default\">\n\t\t\t\t\t\t\t<div class=\"elementor-divider\">\n\t\t\t<span class=\"elementor-divider-separator\">\n\t\t\t\t\t\t<\/span>\n\t\t<\/div>\n\t\t\t\t\t\t<\/div>\n\t\t\t\t<div class=\"elementor-element elementor-element-f1ce7c9 elementor-widget elementor-widget-heading\" data-id=\"f1ce7c9\" data-element_type=\"widget\" data-widget_type=\"heading.default\">\n\t\t\t\t\t<h3 class=\"elementor-heading-title elementor-size-default\">THE COLD BUFFET<\/h3>\t\t\t\t<\/div>\n\t\t\t\t<div class=\"elementor-element elementor-element-e376b11 elementor-widget elementor-widget-text-editor\" data-id=\"e376b11\" data-element_type=\"widget\" data-widget_type=\"text-editor.default\">\n\t\t\t\t\t\t\t\t\t<p>\u00a0Small spelt and crisp vegetable salad with Yuzu dressing<\/p><p>Carrot, coriander, cranberry and roasted hazelnut salad<\/p><p>Mimosa and mesclun eggs<\/p><p>Sliced Serrano ham, salted butter<\/p><p>Sliced roast beef<\/p><p>Salmon tartar, red onion pickles, Espelette pepper<\/p><p>Homemade Pissaladi\u00e8re<\/p><p>Seasonal pie<\/p>\t\t\t\t\t\t\t\t<\/div>\n\t\t\t\t<div class=\"elementor-element elementor-element-5b84a61 elementor-widget elementor-widget-heading\" data-id=\"5b84a61\" data-element_type=\"widget\" data-widget_type=\"heading.default\">\n\t\t\t\t\t<h3 class=\"elementor-heading-title elementor-size-default\">HOT FARE<\/h3>\t\t\t\t<\/div>\n\t\t\t\t<div class=\"elementor-element elementor-element-5defadc elementor-widget elementor-widget-text-editor\" data-id=\"5defadc\" data-element_type=\"widget\" data-widget_type=\"text-editor.default\">\n\t\t\t\t\t\t\t\t\t<p>( in aluminium trays to be heated in the oven )<\/p><p>Chicken wok with lemongrass<\/p><p>Or<\/p><p>Thai-style cod with crispy vegetables<\/p>\t\t\t\t\t\t\t\t<\/div>\n\t\t\t\t<div class=\"elementor-element elementor-element-ca21ff9 elementor-widget elementor-widget-heading\" data-id=\"ca21ff9\" data-element_type=\"widget\" data-widget_type=\"heading.default\">\n\t\t\t\t\t<h3 class=\"elementor-heading-title elementor-size-default\">THE DESSERTS<\/h3>\t\t\t\t<\/div>\n\t\t\t\t<div class=\"elementor-element elementor-element-ab41567 elementor-widget elementor-widget-text-editor\" data-id=\"ab41567\" data-element_type=\"widget\" data-widget_type=\"text-editor.default\">\n\t\t\t\t\t\t\t\t\t<p>Seasonal fruit tart<\/p><p>Chocolate caramel and roasted almond tart<\/p>\t\t\t\t\t\t\t\t<\/div>\n\t\t\t\t<div class=\"elementor-element elementor-element-79deefa elementor-widget elementor-widget-heading\" data-id=\"79deefa\" data-element_type=\"widget\" data-widget_type=\"heading.default\">\n\t\t\t\t\t<h3 class=\"elementor-heading-title elementor-size-default\">CHEESE<\/h3>\t\t\t\t<\/div>\n\t\t\t\t<div class=\"elementor-element elementor-element-26c224d elementor-widget elementor-widget-text-editor\" data-id=\"26c224d\" data-element_type=\"widget\" data-widget_type=\"text-editor.default\">\n\t\t\t\t\t\t\t\t\t<p>\u00a0Matured cheese platters\u00a0<\/p><p>Camembert d'Isigny, Comt\u00e9 18 months, Selle sur Cher, Rondin d'Alvignac, Fourme d'Ambert<\/p><p>Fig jam and salted butter - Sliced bread<\/p>\t\t\t\t\t\t\t\t<\/div>\n\t\t\t\t<div class=\"elementor-element elementor-element-958555e elementor-widget elementor-widget-heading\" data-id=\"958555e\" data-element_type=\"widget\" data-widget_type=\"heading.default\">\n\t\t\t\t\t<h3 class=\"elementor-heading-title elementor-size-default\">INCLUDED<\/h3>\t\t\t\t<\/div>\n\t\t\t\t<div class=\"elementor-element elementor-element-4ab680e elementor-widget elementor-widget-text-editor\" data-id=\"4ab680e\" data-element_type=\"widget\" data-widget_type=\"text-editor.default\">\n\t\t\t\t\t\t\t\t\t<p>Delivery of the buffet on disposable trays<br>Disposable cocktail napkins<\/p>\t\t\t\t\t\t\t\t<\/div>\n\t\t\t\t\t<\/div>\n\t\t<\/div>\n\t\t\t\t\t<\/div>\n\t\t<\/section>\n\t\t\t\t<section class=\"elementor-section elementor-top-section elementor-element elementor-element-20fe5b2 elementor-section-boxed elementor-section-height-default elementor-section-height-default\" data-id=\"20fe5b2\" data-element_type=\"section\">\n\t\t\t\t\t\t<div class=\"elementor-container elementor-column-gap-default\">\n\t\t\t\t\t<div class=\"elementor-column elementor-col-50 elementor-top-column elementor-element elementor-element-0e3a8f7\" data-id=\"0e3a8f7\" data-element_type=\"column\">\n\t\t\t<div class=\"elementor-widget-wrap elementor-element-populated\">\n\t\t\t\t\t\t<div class=\"elementor-element elementor-element-3f63e1c elementor-align-left elementor-mobile-align-left elementor-widget elementor-widget-button\" data-id=\"3f63e1c\" data-element_type=\"widget\" data-widget_type=\"button.default\">\n\t\t\t\t\t\t\t\t\t\t<a class=\"elementor-button elementor-button-link elementor-size-xs\" href=\"https:\/\/www.fleurdesel-traiteur.fr\/en\/particuliers\/le-buffet-campagnard\/\">\n\t\t\t\t\t\t<span class=\"elementor-button-content-wrapper\">\n\t\t\t\t\t\t\t\t\t<span class=\"elementor-button-text\">&lt; buffet campagnard<\/span>\n\t\t\t\t\t<\/span>\n\t\t\t\t\t<\/a>\n\t\t\t\t\t\t\t\t<\/div>\n\t\t\t\t\t<\/div>\n\t\t<\/div>\n\t\t\t\t<div class=\"elementor-column elementor-col-50 elementor-top-column elementor-element elementor-element-892cc14\" data-id=\"892cc14\" data-element_type=\"column\">\n\t\t\t<div class=\"elementor-widget-wrap elementor-element-populated\">\n\t\t\t\t\t\t<div class=\"elementor-element elementor-element-7e9a18e elementor-align-right elementor-mobile-align-right elementor-widget elementor-widget-button\" data-id=\"7e9a18e\" data-element_type=\"widget\" data-widget_type=\"button.default\">\n\t\t\t\t\t\t\t\t\t\t<a class=\"elementor-button elementor-button-link elementor-size-xs\" href=\"https:\/\/www.fleurdesel-traiteur.fr\/en\/particuliers\/cocktail-livraison\/\">\n\t\t\t\t\t\t<span class=\"elementor-button-content-wrapper\">\n\t\t\t\t\t\t\t\t\t<span class=\"elementor-button-text\">cocktail delivery<\/span>\n\t\t\t\t\t<\/span>\n\t\t\t\t\t<\/a>\n\t\t\t\t\t\t\t\t<\/div>\n\t\t\t\t\t<\/div>\n\t\t<\/div>\n\t\t\t\t\t<\/div>\n\t\t<\/section>\n\t\t\t\t<section class=\"elementor-section elementor-top-section elementor-element elementor-element-a11923b elementor-section-boxed elementor-section-height-default elementor-section-height-default\" data-id=\"a11923b\" data-element_type=\"section\">\n\t\t\t\t\t\t<div class=\"elementor-container elementor-column-gap-default\">\n\t\t\t\t\t<div class=\"elementor-column elementor-col-100 elementor-top-column elementor-element elementor-element-9e07414\" data-id=\"9e07414\" data-element_type=\"column\">\n\t\t\t<div class=\"elementor-widget-wrap elementor-element-populated\">\n\t\t\t\t\t\t<div class=\"elementor-element elementor-element-b78c5f1 elementor-widget elementor-widget-spacer\" data-id=\"b78c5f1\" data-element_type=\"widget\" data-widget_type=\"spacer.default\">\n\t\t\t\t\t\t\t<div class=\"elementor-spacer\">\n\t\t\t<div class=\"elementor-spacer-inner\"><\/div>\n\t\t<\/div>\n\t\t\t\t\t\t<\/div>\n\t\t\t\t\t<\/div>\n\t\t<\/div>\n\t\t\t\t\t<\/div>\n\t\t<\/section>\n\t\t\t\t<\/div>","protected":false},"excerpt":{"rendered":"<p>LE BUFFET M\u00c9DITERRAN\u00c9EN BUFFET FROID BUFFET FROID &#038; CHAUD MENU BUFFET M\u00c9DITERRAN\u00c9EN ~ \u00c0 partir de 30 personnes ~ LE BUFFET FROID \u00a0Salade de petit \u00e9peautre et l\u00e9gumes croquants, vinaigrette Yuzu Salade de carottes, coriandre, cranberry et noisettes torr\u00e9fi\u00e9es \u0152ufs Mimosa et mesclun Jambon Serrano tranch\u00e9, beurre sal\u00e9 R\u00f4ti de b\u0153uf tranch\u00e9 Tartare de saumon, [&hellip;]<\/p>","protected":false},"author":7,"featured_media":0,"parent":1191,"menu_order":0,"comment_status":"closed","ping_status":"closed","template":"elementor_header_footer","meta":{"inline_featured_image":false,"footnotes":""},"class_list":["post-2035","page","type-page","status-publish","hentry"],"_links":{"self":[{"href":"https:\/\/www.fleurdesel-traiteur.fr\/en\/wp-json\/wp\/v2\/pages\/2035","targetHints":{"allow":["GET"]}}],"collection":[{"href":"https:\/\/www.fleurdesel-traiteur.fr\/en\/wp-json\/wp\/v2\/pages"}],"about":[{"href":"https:\/\/www.fleurdesel-traiteur.fr\/en\/wp-json\/wp\/v2\/types\/page"}],"author":[{"embeddable":true,"href":"https:\/\/www.fleurdesel-traiteur.fr\/en\/wp-json\/wp\/v2\/users\/7"}],"replies":[{"embeddable":true,"href":"https:\/\/www.fleurdesel-traiteur.fr\/en\/wp-json\/wp\/v2\/comments?post=2035"}],"version-history":[{"count":98,"href":"https:\/\/www.fleurdesel-traiteur.fr\/en\/wp-json\/wp\/v2\/pages\/2035\/revisions"}],"predecessor-version":[{"id":8075,"href":"https:\/\/www.fleurdesel-traiteur.fr\/en\/wp-json\/wp\/v2\/pages\/2035\/revisions\/8075"}],"up":[{"embeddable":true,"href":"https:\/\/www.fleurdesel-traiteur.fr\/en\/wp-json\/wp\/v2\/pages\/1191"}],"wp:attachment":[{"href":"https:\/\/www.fleurdesel-traiteur.fr\/en\/wp-json\/wp\/v2\/media?parent=2035"}],"curies":[{"name":"wp","href":"https:\/\/api.w.org\/{rel}","templated":true}]}}